{"id":3,"date":"2021-10-14T23:06:46","date_gmt":"2021-10-14T23:06:46","guid":{"rendered":"http:\/\/saluticarnevino.com\/?page_id=3"},"modified":"2023-02-01T17:44:52","modified_gmt":"2023-02-01T23:44:52","slug":"politica-privacidad","status":"publish","type":"page","link":"https:\/\/saluticarnevino.com\/en\/politica-privacidad\/","title":{"rendered":"Privacy Policy"},"content":{"rendered":"<div data-elementor-type=\"wp-page\" data-elementor-id=\"3\" class=\"elementor elementor-3\" data-elementor-post-type=\"page\">\n\t\t\t\t\t\t\t\t\t<section class=\"elementor-section elementor-top-section elementor-element elementor-element-266fac2 elementor-section-full_width elementor-section-height-default elementor-section-height-default\" data-id=\"266fac2\" data-element_type=\"section\" data-settings=\"{&quot;background_video_link&quot;:&quot;https:\\\/\\\/youtu.be\\\/vw_rMa0lXCs&quot;,&quot;background_background&quot;:&quot;video&quot;,&quot;background_video_end&quot;:15,&quot;background_play_on_mobile&quot;:&quot;yes&quot;,&quot;background_privacy_mode&quot;:&quot;yes&quot;}\">\n\t\t\t\t\t\t\t\t<div class=\"elementor-background-video-container\">\n\t\t\t\t\t\t\t\t\t\t\t\t\t<div class=\"elementor-background-video-embed\"><\/div>\n\t\t\t\t\t\t\t\t\t\t\t\t<\/div>\n\t\t\t\t\t\t\t\t<div class=\"elementor-container elementor-column-gap-no\">\n\t\t\t\t\t<div class=\"elementor-column elementor-col-100 elementor-top-column elementor-element elementor-element-36b55b5\" data-id=\"36b55b5\" data-element_type=\"column\">\n\t\t\t<div class=\"elementor-widget-wrap elementor-element-populated\">\n\t\t\t\t\t\t\t\t<div class=\"elementor-element elementor-element-121d3c0 elementor-widget elementor-widget-template\" data-id=\"121d3c0\" data-element_type=\"widget\" data-widget_type=\"template.default\">\n\t\t\t\t<div class=\"elementor-widget-container\">\n\t\t\t\t\t<div class=\"elementor-template\">\n\t\t\t\t\t<div data-elementor-type=\"section\" data-elementor-id=\"174\" class=\"elementor elementor-174\" data-elementor-post-type=\"elementor_library\">\n\t\t\t\t\t\t\t\t<section class=\"elementor-section elementor-top-section elementor-element elementor-element-1cc6fc7 elementor-section-height-min-height elementor-section-boxed elementor-section-height-default elementor-section-items-middle\" data-id=\"1cc6fc7\" data-element_type=\"section\">\n\t\t\t\t\t\t\t<div class=\"elementor-background-overlay\"><\/div>\n\t\t\t\t\t\t\t<div class=\"elementor-container elementor-column-gap-wider\">\n\t\t\t\t\t<div class=\"elementor-column elementor-col-100 elementor-top-column elementor-element elementor-element-94c3122\" data-id=\"94c3122\" data-element_type=\"column\">\n\t\t\t<div class=\"elementor-widget-wrap elementor-element-populated\">\n\t\t\t\t\t\t\t\t\t<\/div>\n\t\t<\/div>\n\t\t\t\t\t\t\t<\/div>\n\t\t<\/section>\n\t\t\t\t\t\t<\/div>\n\t\t\t\t<\/div>\n\t\t\t\t<\/div>\n\t\t\t\t<\/div>\n\t\t\t\t\t<\/div>\n\t\t<\/div>\n\t\t\t\t\t\t\t<\/div>\n\t\t<\/section>\n\t\t\t\t<section class=\"elementor-section elementor-top-section elementor-element elementor-element-72a379a0 elementor-section-boxed elementor-section-height-default elementor-section-height-default\" data-id=\"72a379a0\" data-element_type=\"section\">\n\t\t\t\t\t\t<div class=\"elementor-container elementor-column-gap-default\">\n\t\t\t\t\t<div class=\"elementor-column elementor-col-100 elementor-top-column elementor-element elementor-element-7718a276\" data-id=\"7718a276\" data-element_type=\"column\">\n\t\t\t<div class=\"elementor-widget-wrap elementor-element-populated\">\n\t\t\t\t\t\t\t\t<div class=\"elementor-element elementor-element-70b122f1 elementor-widget elementor-widget-text-editor\" data-id=\"70b122f1\" data-element_type=\"widget\" data-no-translation=\"\" data-widget_type=\"text-editor.default\">\n\t\t\t\t<div class=\"elementor-widget-container\">\n\t\t\t<style>.elementor-element-70b122f1{display:none !important}<\/style>\t\t<\/div>\n\t\t\t\t<\/div>\n\t\t\t\t<div class=\"elementor-element elementor-element-b0b34a6 elementor-widget elementor-widget-text-editor\" data-id=\"b0b34a6\" data-element_type=\"widget\" data-no-translation=\"\" data-widget_type=\"text-editor.default\">\n\t\t\t\t<div class=\"elementor-widget-container\">\n\t\t\t\t\t\t\t<p>This Privacy Policy establishes the terms in which Saluti Carnevino | Restaurant &amp; Bar uses and protects the information that is provided by its users when using its website. This company is committed to the security of its users&#8217; data. When we ask you to fill in the fields of personal information with which you can be identified, we do so ensuring that it will only be used in accordance with the terms of this document. However, this Privacy Policy may change over time or be updated, so we recommend and emphasize that you continually review this page to ensure that you agree with said changes.<\/p><p>Information that is collected<\/p><p>Our website may collect personal information such as: Name, contact information such as your email address and demographic information. Likewise, when necessary, specific information may be required to process an order or make a delivery or billing.<\/p><p>Use of collected information<\/p><p>Our website uses the information in order to provide the best possible service, particularly to maintain a register of users, of orders, if applicable, and to improve our products and services. It is possible that emails will be sent periodically through our site with special offers, new products and other advertising information that we consider relevant to you or that may provide you with some benefit, these emails will be sent to the address you provide and may be canceled. anytime.<\/p><p>Saluti Carnevino | Restaurant &amp; Bar is highly committed to fulfilling the commitment to keep your information secure. We use the most advanced systems and constantly update them to ensure that there is no unauthorized access.<\/p><p>cookies<\/p><p>A cookie refers to a file that is sent with the purpose of requesting permission to be stored on your computer, by accepting said file it is created and the cookie then serves to have information regarding web traffic, and also facilitates future recurrent cookies. Another function that cookies have is that with them the web can recognize you individually and therefore provide you with the best personalized service on its web.<\/p><p>Our website uses cookies to be able to identify the pages that are visited and their frequency. This information is used only for statistical analysis and then the information is permanently deleted. You can delete cookies at any time from your computer. However, cookies help to provide a better service on websites, you do not give access to information from your computer or from you, unless you want it and provide it directly. You can accept or deny the use of cookies, however most browsers automatically accept cookies as it serves to have a better web service. You can also change your computer settings to decline cookies. If they are declined, you may not be able to use some of our services.<\/p><p>Links to Third Parties<\/p><p>This website may contain links to other sites that may be of interest to you. Once you click on these links and leave our page, we no longer have control over the site to which you are redirected and therefore we are not responsible for the terms or privacy or the protection of your data on those other third party sites. These sites are subject to their own privacy policies, so it is recommended that you consult them to confirm that you agree with them.<\/p><p>Control of your personal information<\/p><p>At any time you can restrict the collection or use of personal information that is provided to our website. Every time you are asked to fill in a form, such as user registration, you can check or uncheck the option to receive information by email. In case you have marked the option to receive our newsletter or advertising, you can cancel it at any time.<\/p><p>This company will not sell, transfer or distribute the personal information that is collected without your consent, unless required by a judge with a court order.<\/p><p>Saluti Carnevino | Restaurant &amp; Bar reserves the right to change the terms of this Privacy Policy at any time.<\/p>\t\t\t\t\t\t<\/div>\n\t\t\t\t<\/div>\n\t\t\t\t\t<\/div>\n\t\t<\/div>\n\t\t\t\t\t\t\t<\/div>\n\t\t<\/section>\n\t\t\t\t\t\t\t<\/div>","protected":false},"excerpt":{"rendered":"<p>El presente Pol\u00edtica de Privacidad establece los t\u00e9rminos en que Saluti Carnevino | Restaurant &amp; Bar usa y protege la informaci\u00f3n que es proporcionada por sus usuarios al momento de utilizar su sitio web. Esta compa\u00f1\u00eda est\u00e1 comprometida con la seguridad de los datos de sus usuarios. Cuando le pedimos llenar los campos de informaci\u00f3n [&hellip;]<\/p>","protected":false},"author":1,"featured_media":0,"parent":0,"menu_order":0,"comment_status":"closed","ping_status":"closed","template":"","meta":{"footnotes":""},"class_list":["post-3","page","type-page","status-publish","hentry"],"_links":{"self":[{"href":"https:\/\/saluticarnevino.com\/en\/wp-json\/wp\/v2\/pages\/3","targetHints":{"allow":["GET"]}}],"collection":[{"href":"https:\/\/saluticarnevino.com\/en\/wp-json\/wp\/v2\/pages"}],"about":[{"href":"https:\/\/saluticarnevino.com\/en\/wp-json\/wp\/v2\/types\/page"}],"author":[{"embeddable":true,"href":"https:\/\/saluticarnevino.com\/en\/wp-json\/wp\/v2\/users\/1"}],"replies":[{"embeddable":true,"href":"https:\/\/saluticarnevino.com\/en\/wp-json\/wp\/v2\/comments?post=3"}],"version-history":[{"count":52,"href":"https:\/\/saluticarnevino.com\/en\/wp-json\/wp\/v2\/pages\/3\/revisions"}],"predecessor-version":[{"id":4162,"href":"https:\/\/saluticarnevino.com\/en\/wp-json\/wp\/v2\/pages\/3\/revisions\/4162"}],"wp:attachment":[{"href":"https:\/\/saluticarnevino.com\/en\/wp-json\/wp\/v2\/media?parent=3"}],"curies":[{"name":"wp","href":"https:\/\/api.w.org\/{rel}","templated":true}]}}